{"id":2648,"date":"2023-09-20T17:50:00","date_gmt":"2023-09-20T15:50:00","guid":{"rendered":"https:\/\/aliantedesign.hu\/impresszum\/"},"modified":"2025-07-17T14:08:28","modified_gmt":"2025-07-17T12:08:28","slug":"impressum","status":"publish","type":"page","link":"https:\/\/aliantedesign.hu\/de\/impressum\/","title":{"rendered":"Impressum"},"content":{"rendered":"<div id=\"pl-2648\"  class=\"panel-layout\" ><div id=\"pg-2648-0\"  class=\"panel-grid panel-no-style\" ><div id=\"pgc-2648-0-0\"  class=\"panel-grid-cell\" ><div id=\"panel-2648-0-0-0\" class=\"so-panel widget widget_ndm-imprint panel-first-child panel-last-child\" data-index=\"0\" ><div\n\t\t\t\n\t\t\tclass=\"so-widget-ndm-imprint so-widget-ndm-imprint-default-d75171398898-2648\"\n\t\t\t\n\t\t><div class=\"ndm-imprint__provider mb-3 mb-lg-5\"><h4 class=\"ndm-heading col-12 Aliante Kft. mb-2\">Dienstanbieter<\/h4><p class=\"mb-0\"><strong>Aliante Kft.<\/strong><\/p><p class=\"mb-0\"><strong>Gesch\u00e4ftsf\u00fchrer: <\/strong>Benke G\u00e1bor<\/p><p class=\"mb-0\"><strong>Adresse: <\/strong>2100 G\u00f6d\u00f6ll\u0151, Ibolya utca 7.<\/p><p class=\"mb-0\"><strong>Steuernummer: <\/strong>23083855-2-13<\/p><p class=\"mb-0\"><strong>Handelsregisternummer: <\/strong>13-09-143180<\/p><p class=\"mb-0\"><strong>E-Mail: <\/strong><a href=\"mailto:info@aliante.hu\">info@aliante.hu<\/a><\/p><p class=\"mb-0\">A Pest Megyei Kereskedelmi \u00e9s Iparkamara \u00f6nk\u00e9ntes tagja. Nyilv\u00e1ntart\u00f3 b\u00edr\u00f3s\u00e1g: F\u0151v\u00e1rosi T\u00f6rv\u00e9nysz\u00e9k C\u00e9gb\u00edr\u00f3s\u00e1ga<\/p><\/div><div class=\"ndm-imprint__contact mb-3 mb-lg-5\"><h4 class=\"ndm-heading col-12 Aliante Kft. mb-2\">Kontakt<\/h4><p class=\"mb-0\">Aliante Kft.<\/p><p class=\"mb-0\"><strong>Telefonnummer: <\/strong>+36 30 011 2100<\/p><p class=\"mb-0\"><strong>E-Mail: <\/strong><a href=\"mailto:info@aliante.hu\" class=\"mb-0\">info@aliante.hu<\/a><\/p><\/div><div class=\"ndm-imprint__storage mb-3 mb-lg-5\"><h4 class=\"ndm-heading col-12 mb-2\">Webhosting<\/h4><p class=\"mb-0\"><strong>Name der Firma: <\/strong>Promesa Marketing Kft.<\/p><p class=\"mb-0\"><strong>Adresse: <\/strong>1133 Budapest, Gogol u. 13.<\/p><p class=\"mb-0\"><strong>Steuernummer: <\/strong>28993962-2-41<\/p><p class=\"mb-0\"><strong>Telefonnummer: <\/strong>+36 70 623 0530<\/p><p class=\"mb-0\"><strong>E-Mail: <\/strong><a href=\"mailto:info@promesa.hu\">info@promesa.hu<\/a><\/p><\/div><div class=\"ndm-imprint__copyright\"><h4 class=\"ndm-heading col-12 mb-2\">Urheberrecht, Urheberrecht<\/h4><p>Der Herausgeber dieser Website ist Aliante Kft.<\/p>\n<p>Die Aliante Kft. beh\u00e4lt sich das Recht vor, jeden Teil dieser Website (Textinhalte, Fotos usw.) auf beliebige Weise zu vervielf\u00e4ltigen und zu verbreiten. Der Inhalt und das Design der zu dieser Website geh\u00f6renden Seiten sind durch internationale und ungarische Gesetze gesch\u00fctzt. Es ist verboten, sie in irgendeinem Medium zu ver\u00f6ffentlichen, auszustrahlen oder zu \u00fcbertragen, sei es im Original oder in abge\u00e4nderter Form, oder sie ganz oder teilweise auf einem Computer zu speichern. Die Verarbeitung und der Verkauf der gesamten oder eines Teils dieser Website ohne vorherige schriftliche Zustimmung des Herausgebers ist verboten.<\/p>\n<p>Diese Erkl\u00e4rung stellt eine Verbotserkl\u00e4rung im Sinne von Artikel 36 (2) des Gesetzes LXXVI von 1999 \u00fcber das Urheberrecht dar.<\/p>\n<\/div><\/div><\/div><\/div><\/div><\/div>","protected":false},"excerpt":{"rendered":"<p>DienstanbieterAliante Kft.Gesch\u00e4ftsf\u00fchrer: Benke G\u00e1borAdresse: 2100 G\u00f6d\u00f6ll\u0151, Ibolya utca 7.Steuernummer: 23083855-2-13Handelsregisternummer: 13-09-143180E-Mail: info@aliante.huA Pest Megyei Kereskedelmi \u00e9s&#8230;<\/p>\n","protected":false},"author":5,"featured_media":0,"parent":0,"menu_order":98,"comment_status":"closed","ping_status":"closed","template":"fullwidth.php","meta":{"_acf_changed":false,"inline_featured_image":false,"footnotes":""},"class_list":["post-2648","page","type-page","status-publish","hentry"],"acf":[],"_links":{"self":[{"href":"https:\/\/aliantedesign.hu\/de\/wp-json\/wp\/v2\/pages\/2648","targetHints":{"allow":["GET"]}}],"collection":[{"href":"https:\/\/aliantedesign.hu\/de\/wp-json\/wp\/v2\/pages"}],"about":[{"href":"https:\/\/aliantedesign.hu\/de\/wp-json\/wp\/v2\/types\/page"}],"author":[{"embeddable":true,"href":"https:\/\/aliantedesign.hu\/de\/wp-json\/wp\/v2\/users\/5"}],"replies":[{"embeddable":true,"href":"https:\/\/aliantedesign.hu\/de\/wp-json\/wp\/v2\/comments?post=2648"}],"version-history":[{"count":0,"href":"https:\/\/aliantedesign.hu\/de\/wp-json\/wp\/v2\/pages\/2648\/revisions"}],"wp:attachment":[{"href":"https:\/\/aliantedesign.hu\/de\/wp-json\/wp\/v2\/media?parent=2648"}],"curies":[{"name":"wp","href":"https:\/\/api.w.org\/{rel}","templated":true}]}}