{"id":2491,"date":"2024-01-09T09:33:52","date_gmt":"2024-01-09T08:33:52","guid":{"rendered":"https:\/\/aliantedesign.hu\/rolunk\/"},"modified":"2025-07-15T11:44:01","modified_gmt":"2025-07-15T09:44:01","slug":"uber-uns","status":"publish","type":"page","link":"https:\/\/aliantedesign.hu\/de\/uber-uns\/","title":{"rendered":"\u00dcber uns"},"content":{"rendered":"<div id=\"pl-2491\"  class=\"panel-layout\" ><div id=\"pg-2491-0\"  class=\"panel-grid panel-has-style\" ><div class=\"panel-row-style panel-row-style-for-2491-0\" ><div id=\"pgc-2491-0-0\"  class=\"panel-grid-cell\" ><div id=\"panel-2491-0-0-0\" class=\"so-panel widget widget_ndm-section-title panel-first-child\" data-index=\"0\" ><div\n\t\t\t\n\t\t\tclass=\"so-widget-ndm-section-title so-widget-ndm-section-title-default-d75171398898-2491\"\n\t\t\t\n\t\t><div class=\"row\">\n\t<div class=\"col-12\"><h2 class=\"ndm-section-title mb-3 mb-xl-5\">Lass uns zusammen tr\u00e4umen!<\/h2><\/div><\/div><\/div><\/div><div id=\"panel-2491-0-0-1\" class=\"so-panel widget widget_sow-editor panel-last-child\" data-index=\"1\" ><div\n\t\t\t\n\t\t\tclass=\"so-widget-sow-editor so-widget-sow-editor-base\"\n\t\t\t\n\t\t>\n<div class=\"siteorigin-widget-tinymce textwidget\">\n\t<p><span data-sheets-root=\"1\">Die Aliante Group ist bestrebt, ihren Kunden durch die Verwendung von Qualit\u00e4tsmaterialien und termingerechter Fertigung ein hervorragendes Kundenerlebnis in der M\u00f6belbranche zu bieten. Mit unseren Produkten richten wir Ihre B\u00fcros, Hotels, Ladenlokale, etc. schnell und effizient ein.<\/span><\/p>\n<p>Wir legen besonderen Wert auf individuelle Kundenw\u00fcnsche und bieten daf\u00fcr sorgf\u00e4ltig ausgearbeitete L\u00f6sungen an. Unabh\u00e4ngig von der Gr\u00f6\u00dfe des Projekts gew\u00e4hrleisten wir die fachgerechte Produktion und zeitplanm\u00e4\u00dfige Ausf\u00fchrung.<\/p>\n<\/div>\n<\/div><\/div><\/div><div id=\"pgc-2491-0-1\"  class=\"panel-grid-cell\" ><div id=\"panel-2491-0-1-0\" class=\"so-panel widget widget_ndm-image panel-first-child panel-last-child\" data-index=\"2\" ><div\n\t\t\t\n\t\t\tclass=\"so-widget-ndm-image so-widget-ndm-image-default-d75171398898-2491\"\n\t\t\t\n\t\t><div class=\"ndm-image mb-3 ndm-img--border text-start\"><img decoding=\"async\" src=\"https:\/\/aliantedesign.hu\/wp-content\/uploads\/2024\/05\/Aliante_csapatfoto.jpg\" title=\"Aliante Design\" alt=\"Irodah\u00e1zak\"><\/div><\/div><\/div><\/div><\/div><\/div><div id=\"pg-2491-1\"  class=\"panel-grid panel-has-style\" ><div class=\"siteorigin-panels-stretch panel-row-style panel-row-style-for-2491-1\" data-stretch-type=\"full\" ><div id=\"pgc-2491-1-0\"  class=\"panel-grid-cell\" ><div id=\"panel-2491-1-0-0\" class=\"so-panel widget widget_ndm-headings panel-first-child panel-last-child\" data-index=\"3\" ><div\n\t\t\t\n\t\t\tclass=\"so-widget-ndm-headings so-widget-ndm-headings-default-d75171398898-2491\"\n\t\t\t\n\t\t><h3 class=\"ndm-heading text-start text-black mb-3 mb-lg-4\">Wir realisieren Ihre Projekte im Bereich M\u00f6bel- und Einrichtungsgestaltung, in zahlreichen Regionen im In- und Ausland.<\/h3><\/div><\/div><\/div><\/div><\/div><div id=\"pg-2491-2\"  class=\"panel-grid panel-has-style\" ><div class=\"panel-row-style panel-row-style-for-2491-2\" ><div id=\"pgc-2491-2-0\"  class=\"panel-grid-cell\" ><div id=\"panel-2491-2-0-0\" class=\"so-panel widget widget_ndm-highlight-text panel-first-child panel-last-child\" data-index=\"4\" ><div\n\t\t\t\n\t\t\tclass=\"so-widget-ndm-highlight-text so-widget-ndm-highlight-text-default-d75171398898-2491\"\n\t\t\t\n\t\t><div class=\"ndm-ht\">\n\t<div class=\"row\">\n\t\t<div class=\"col-md-3\">\n\t\t\t<div class=\"ndm-ht__img\">\n\t\t\t\t<img decoding=\"async\" src=\"https:\/\/aliantedesign.hu\/wp-content\/themes\/aliante\/img\/beton.jpg\" alt=\"Beton\">\n\t\t\t<\/div>\n\t\t<\/div>\n\t\t<div class=\"col-md-9\">\n\t\t\t<div class=\"ndm-ht__desc p-3 p-lg-4\">\n\t\t\t\t<p class=\"p1\"><strong>Unsere Produktionsst\u00e4tte liegt in K\u00f6rmend, Westungarn. Dort garantieren wir durch einen hochmodernen Maschinenpark sowie fachkundiger Handarbeit unserer motivierten Mitarbeiter eine schnelle und pr\u00e4zise Ausf\u00fchrung.<br \/>\nIn unserem Budapester Zentral-B\u00fcro werden unsere Kunden von einem Expertenteam empfangen, das alle Kundenw\u00fcnsche vom Entwurf bis zur bedienungsfreundlichen Konstruktion abdeckt. Ein professionelles Team von \u00fcber 70 engagierten Mitarbeitern stellt sicher, dass jedes Detail unserer Projekte h\u00f6chsten Qualit\u00e4tsstandards entspricht.<br \/>\n<\/strong><\/p>\n\t\t\t<\/div>\n\t\t<\/div>\n\t<\/div>\n<\/div><\/div><\/div><\/div><\/div><\/div><div id=\"pg-2491-3\"  class=\"panel-grid panel-has-style\" ><div class=\"panel-row-style panel-row-style-for-2491-3\" ><div id=\"pgc-2491-3-0\"  class=\"panel-grid-cell\" ><div id=\"panel-2491-3-0-0\" class=\"so-panel widget widget_ndm-manager panel-first-child panel-last-child\" data-index=\"5\" ><div\n\t\t\t\n\t\t\tclass=\"so-widget-ndm-manager so-widget-ndm-manager-default-d75171398898-2491\"\n\t\t\t\n\t\t><div class=\"ndm-manager\">\n\t<div class=\"row\">\n\t\t<div class=\"col-xl-7\">\n\t\t\t<div class=\"ndm-manager__img\"><img decoding=\"async\" src=\"https:\/\/aliantedesign.hu\/wp-content\/uploads\/2025\/01\/Aliante_homag.jpg\" title=\"Title\" alt=\"Alt\"><\/div>\t\t<\/div>\n\t\t<div class=\"col-xl-5\">\n\t\t\t<div class=\"row h-100\">\n\t\t\t\t<div class=\"ndm-manager__desc col-12 d-flex align-items-center\"><p class=\"p1\"><span data-sheets-root=\"1\">Der HOMAG-Maschinenpark in unserer Produktionsst\u00e4tte tr\u00e4gt dazu bei, unsere Produktionskapazit\u00e4t auf das h\u00f6chste Niveau zu heben. Die Anlage \u00fcberzeugt durch Pr\u00e4zision, Effizienz und Flexibilit\u00e4t, wodurch wir sowohl Einzel- als auch Gro\u00dfserienfertigung realisieren k\u00f6nnen. Unsere Kunden k\u00f6nnen sich darauf verlassen, dass die Lieferung immer pr\u00e4zise und p\u00fcnktlich erfolgt \u2013 unabh\u00e4ngig von der Komplexit\u00e4t des Projekts.<\/span><\/p>\n<\/div>\t\t\t\t<div class=\"ndm-manager__aliante col-8 d-flex align-items-center justify-content-center p-3\">\n\t\t\t\t\t<svg xmlns=\"http:\/\/www.w3.org\/2000\/svg\" width=\"100.009\" height=\"90.821\" viewBox=\"0 0 100.009 90.821\">\n  \t\t\t\t\t\t<path id=\"aliante-design-logo\" d=\"M17.543,5.105H16.017V-21.133H-71.751V6.7h-1.528V-22.66H17.543ZM-73.279,29.368V68.161H17.543V29.368H16.017V66.635H-71.751V29.368ZM22.132,21.3a8.035,8.035,0,0,1-3.923,3.785,14.473,14.473,0,0,1-6.474,1.37,6.973,6.973,0,0,1-3.263-.706A5.118,5.118,0,0,1,6.4,23.806a5.312,5.312,0,0,1-.561-1.349,7.878,7.878,0,0,1-.647.87,9.422,9.422,0,0,1-1.778,1.622,9.244,9.244,0,0,1-2.1,1.092A6.364,6.364,0,0,1-.9,26.452a4.547,4.547,0,0,1-1.892-.364A2.589,2.589,0,0,1-4,24.993a3.017,3.017,0,0,1-.352-1.2A9.292,9.292,0,0,1-5.71,24.952a9.168,9.168,0,0,1-2.1,1.092,6.352,6.352,0,0,1-2.212.412,4.549,4.549,0,0,1-1.893-.364,2.586,2.586,0,0,1-1.208-1.1,3.374,3.374,0,0,1-.364-1.826,7.4,7.4,0,0,1,.638-2.509l2.964-7.112a1.155,1.155,0,0,0,.022-1.072.924.924,0,0,0-.8-.413,3.3,3.3,0,0,0-1.3.274,4.225,4.225,0,0,0-1.437.98,4.565,4.565,0,0,0-.159.456,4.51,4.51,0,0,1-.161.457q-.276.73-.776,1.915c-.336.792-.66,1.589-.98,2.394s-.622,1.545-.913,2.213-.479,1.125-.57,1.37a1.887,1.887,0,0,0-.091,1.5c.181.364.621.549,1.322.549h.456l-.912,1.96c-.245.059-.5.121-.776.181a8.625,8.625,0,0,1-1.687.137q-2.6,0-3.263-1.414a2.722,2.722,0,0,1-.229-1.073,9.207,9.207,0,0,1-1.182.984,9.244,9.244,0,0,1-2.1,1.092,6.374,6.374,0,0,1-2.213.412,4.069,4.069,0,0,1-2.3-.594,2.618,2.618,0,0,1-1.116-1.778,12.834,12.834,0,0,1-2.67,1.734,5.975,5.975,0,0,1-2.576.638,4.249,4.249,0,0,1-2.531-.706A3.8,3.8,0,0,1-40.219,23.8a5.46,5.46,0,0,1-.218-.923q-.165.226-.352.444a9.46,9.46,0,0,1-1.778,1.622,9.243,9.243,0,0,1-2.1,1.092,6.374,6.374,0,0,1-2.213.412,3.3,3.3,0,0,1-3.1-1.459,2.646,2.646,0,0,1-.347-1.114,9.248,9.248,0,0,1-1.272,1.07,9.176,9.176,0,0,1-2.1,1.092,6.374,6.374,0,0,1-2.213.412,4.545,4.545,0,0,1-1.893-.364,2.569,2.569,0,0,1-1.208-1.1,2.929,2.929,0,0,1-.348-1.162,9.258,9.258,0,0,1-1.316,1.117,9.252,9.252,0,0,1-2.1,1.092,6.367,6.367,0,0,1-2.212.412,4.067,4.067,0,0,1-2.3-.594,2.619,2.619,0,0,1-1.117-1.778A12.827,12.827,0,0,1-71.075,25.8a5.975,5.975,0,0,1-2.576.638,4.246,4.246,0,0,1-2.531-.706A3.8,3.8,0,0,1-77.574,23.8a7.044,7.044,0,0,1-.251-2.9,11.62,11.62,0,0,1,.98-3.534,16.125,16.125,0,0,1,4.882-6.841A9.959,9.959,0,0,1-65.9,8.346a3.093,3.093,0,0,1,2.7,1.277,4.208,4.208,0,0,0,.2-.572.8.8,0,0,1,.159-.342h5.019c-.093.276-.274.747-.548,1.415s-.593,1.436-.957,2.3-.746,1.782-1.142,2.74-.768,1.862-1.116,2.713-.654,1.589-.912,2.212-.42,1.026-.482,1.208c-.243.578-.212.99.093,1.231a1.478,1.478,0,0,0,1.231.23,4.329,4.329,0,0,0,1.711-.82A4.754,4.754,0,0,0-58.677,20.5q.165-.415.58-1.374.5-1.163,1.14-2.735c.428-1.051.881-2.169,1.37-3.356s.941-2.3,1.367-3.352.8-1.952,1.117-2.713.526-1.247.616-1.459A1.774,1.774,0,0,0-52.35,4.03q-.276-.568-1.323-.567h-.457l.958-1.964c.243-.029.5-.074.776-.134a5.428,5.428,0,0,1,.776-.137,8.513,8.513,0,0,1,.912-.048c1.734,0,2.813.475,3.238,1.414s.213,2.435-.638,4.472c-.091.241-.243.624-.457,1.141s-.463,1.132-.751,1.844-.609,1.492-.957,2.328-.692,1.666-1.027,2.487q-1.185,2.917-2.6,6.429-.366.912.091,1.279a1.432,1.432,0,0,0,1.233.2,4.454,4.454,0,0,0,1.686-.842A5.238,5.238,0,0,0-49.553,20.4q.222-.526.6-1.409.48-1.119.98-2.35t.935-2.327c.289-.728.508-1.258.66-1.6a1.841,1.841,0,0,0,.093-1.481c-.184-.379-.624-.571-1.323-.571h-.457l.958-1.96c.244-.059.5-.121.776-.181a5.752,5.752,0,0,1,.8-.137,8.424,8.424,0,0,1,.888-.044q2.6,0,3.238,1.436T-42,14.229l-.754,1.871q-.478,1.185-.98,2.372-.548,1.364-1.141,2.826-.366.912.093,1.279a1.464,1.464,0,0,0,1.252.2,4.419,4.419,0,0,0,1.711-.842,5.026,5.026,0,0,0,1.459-1.827,12.469,12.469,0,0,1,.866-2.736,16.125,16.125,0,0,1,4.882-6.841,9.959,9.959,0,0,1,6.068-2.19,3.09,3.09,0,0,1,2.691,1.277,4.209,4.209,0,0,0,.2-.572.811.811,0,0,1,.161-.342h5.019c-.093.276-.274.747-.549,1.415s-.593,1.436-.957,2.3-.746,1.782-1.141,2.74-.769,1.862-1.119,2.713-.652,1.589-.91,2.212-.42,1.026-.48,1.208c-.244.578-.212.99.093,1.231a1.473,1.473,0,0,0,1.229.23,4.326,4.326,0,0,0,1.712-.82,4.859,4.859,0,0,0,1.377-1.626l3.115-7.592a1.757,1.757,0,0,0,.137-1.481c-.181-.379-.624-.571-1.323-.571h-.455l.912-1.96c.243-.059.5-.121.776-.181a5.733,5.733,0,0,1,.8-.137,8.423,8.423,0,0,1,.888-.044q3.1,0,3.422,2.141a8.668,8.668,0,0,1,2.418-1.573A6.652,6.652,0,0,1-7.88,8.346,3.31,3.31,0,0,1-4.777,9.8q.866,1.459-.32,4.333c-.154.4-.365.935-.638,1.619S-6.3,17.146-6.6,17.878s-.587,1.414-.845,2.052-.448,1.1-.569,1.367c-.245.578-.213.99.091,1.231a1.52,1.52,0,0,0,1.255.23,4.156,4.156,0,0,0,1.709-.82A5.011,5.011,0,0,0-3.5,20.118L1.746,7.432h-2.6L.422,5.105H2.7l.55-1.366,5.473-1.05-1,2.416h4.106L10.548,7.432H6.808L1.107,21.3c-.245.578-.214.99.091,1.231a1.518,1.518,0,0,0,1.253.23,4.152,4.152,0,0,0,1.711-.82,5.06,5.06,0,0,0,1.486-1.882A9.753,9.753,0,0,1,6.3,17.377a15.644,15.644,0,0,1,4.63-6.729,10.057,10.057,0,0,1,6.407-2.3,3.781,3.781,0,0,1,2.829.98A3.729,3.729,0,0,1,21.244,11.7a6.053,6.053,0,0,1-.594,2.966,7.906,7.906,0,0,1-2.166,2.8,7.253,7.253,0,0,1-4.743,1.688H10.82a3.651,3.651,0,0,0,.435,3.4,3.722,3.722,0,0,0,3.17,1.348,6.7,6.7,0,0,0,1.984-.32,10.115,10.115,0,0,0,1.959-.842A9.431,9.431,0,0,0,20.08,21.5a7.522,7.522,0,0,0,1.277-1.485ZM11.414,17.422h1.6a2.6,2.6,0,0,0,1.778-.64,6.135,6.135,0,0,0,1.367-1.959,12.858,12.858,0,0,0,.868-1.919,6.127,6.127,0,0,0,.365-1.549,1.22,1.22,0,0,0-.228-.935c-.183-.2-.5-.207-.958-.022a3.337,3.337,0,0,0-1.071.82,11.464,11.464,0,0,0-1.255,1.6q-.64.958-1.3,2.142a20.765,20.765,0,0,0-1.162,2.465m-75.4-6.025a1.455,1.455,0,0,0-1.325-.638,3.908,3.908,0,0,0-1.619.341,5.277,5.277,0,0,0-1.5,1.1,11.348,11.348,0,0,0-1.529,1.986A31.768,31.768,0,0,0-71.6,17.2a17.289,17.289,0,0,0-1.072,2.484,7.907,7.907,0,0,0-.434,2.029,2.177,2.177,0,0,0,.3,1.37,1.253,1.253,0,0,0,1.116.5,3.807,3.807,0,0,0,1.69-.46,8.455,8.455,0,0,0,1.826-1.277,6.272,6.272,0,0,1,.409-1.189Zm37.353,0a1.45,1.45,0,0,0-1.322-.638,3.9,3.9,0,0,0-1.619.341,5.244,5.244,0,0,0-1.5,1.1A11.231,11.231,0,0,0-32.6,14.185,31.5,31.5,0,0,0-34.241,17.2a17.168,17.168,0,0,0-1.073,2.484,7.9,7.9,0,0,0-.433,2.029,2.178,2.178,0,0,0,.3,1.37,1.254,1.254,0,0,0,1.117.5,3.816,3.816,0,0,0,1.688-.456,8.479,8.479,0,0,0,1.824-1.277,6.2,6.2,0,0,1,.41-1.189ZM-38.438,1.957a2.689,2.689,0,0,0-1.963-.82,2.732,2.732,0,0,0-2.006.82,2.683,2.683,0,0,0-.822,1.963,2.668,2.668,0,0,0,.822,1.96A2.718,2.718,0,0,0-40.4,6.7a2.676,2.676,0,0,0,1.963-.821,2.671,2.671,0,0,0,.82-1.96,2.686,2.686,0,0,0-.82-1.963m-9.25,41.487h2.78a3.884,3.884,0,0,0,1.713-.361,2.714,2.714,0,0,0,1.159-1.024,2.884,2.884,0,0,0,.412-1.554,2.887,2.887,0,0,0-.412-1.554,2.722,2.722,0,0,0-1.159-1.024,3.9,3.9,0,0,0-1.713-.361h-2.78Zm1.663-1.327V38.893h1.05a1.707,1.707,0,0,1,1.214.429,1.542,1.542,0,0,1,.457,1.184,1.543,1.543,0,0,1-.457,1.185,1.706,1.706,0,0,1-1.214.428Zm8.265.043V41.085h2.611V39.842H-37.76v-.991h2.96V37.566h-4.611v5.879h4.72V42.161Zm7.407,1.4a3.578,3.578,0,0,0,1.427-.256,2,2,0,0,0,.881-.685,1.651,1.651,0,0,0,.294-.957,1.4,1.4,0,0,0-.322-.97,1.929,1.929,0,0,0-.765-.52,8.018,8.018,0,0,0-1.113-.308,4.792,4.792,0,0,1-.865-.243.379.379,0,0,1-.27-.353.442.442,0,0,1,.227-.382,1.369,1.369,0,0,1,.723-.147,3.418,3.418,0,0,1,1.628.453l.513-1.234a3.51,3.51,0,0,0-.991-.382,5.039,5.039,0,0,0-1.142-.131,3.616,3.616,0,0,0-1.432.252,1.966,1.966,0,0,0-.877.685,1.684,1.684,0,0,0-.294.969,1.42,1.42,0,0,0,.319.974,1.866,1.866,0,0,0,.765.526,8.456,8.456,0,0,0,1.109.306,5.014,5.014,0,0,1,.877.256.4.4,0,0,1,.273.374q0,.479-.958.479a3.483,3.483,0,0,1-1.024-.161,3.575,3.575,0,0,1-.915-.419l-.545,1.225a3.4,3.4,0,0,0,1.092.471,5.425,5.425,0,0,0,1.386.176m4.71-.118h1.663V37.566h-1.663Zm8.13-1.452a2.148,2.148,0,0,1-.9.192,1.711,1.711,0,0,1-.864-.214,1.5,1.5,0,0,1-.588-.6,1.769,1.769,0,0,1-.211-.87,1.645,1.645,0,0,1,.462-1.222,1.657,1.657,0,0,1,1.218-.457,1.864,1.864,0,0,1,1.427.654l1.059-.957a2.878,2.878,0,0,0-1.092-.8,3.777,3.777,0,0,0-1.478-.277,3.6,3.6,0,0,0-1.688.391,2.91,2.91,0,0,0-1.168,1.088,3,3,0,0,0-.419,1.578,3,3,0,0,0,.419,1.579,2.915,2.915,0,0,0,1.159,1.087,3.5,3.5,0,0,0,1.663.391,4.566,4.566,0,0,0,1.31-.194,3.8,3.8,0,0,0,1.159-.554V40.38h-1.469Zm7.835-4.427V40.7l-2.594-3.133h-1.37v5.879h1.63V40.313l2.6,3.132h1.369V37.566Z\" transform=\"translate(77.877 22.66)\" fill=\"#fff\"\/>\n\t\t\t\t\t<\/svg>\n\t\t\t\t<\/div>\n\t\t\t\t<div class=\"col-4\">\n\t\t\t\t\t<img decoding=\"async\" src=\"https:\/\/aliantedesign.hu\/wp-content\/themes\/aliante\/img\/beton.jpg\" alt=\"Beton\">\n\t\t\t\t<\/div>\n\t\t\t<\/div>\n\t\t<\/div>\n\t<\/div>\n<\/div><\/div><\/div><\/div><\/div><\/div><div id=\"pg-2491-4\"  class=\"panel-grid panel-no-style\" ><div id=\"pgc-2491-4-0\"  class=\"panel-grid-cell\" ><div id=\"panel-2491-4-0-0\" class=\"so-panel widget widget_ndm-section-title panel-first-child\" data-index=\"6\" ><div\n\t\t\t\n\t\t\tclass=\"so-widget-ndm-section-title so-widget-ndm-section-title-default-d75171398898-2491\"\n\t\t\t\n\t\t><div class=\"row\">\n\t<div class=\"col-12\"><h2 class=\"ndm-section-title mb-3 mb-xl-5\">Auszeichnungen, berufliche Mitgliedschaften<\/h2><\/div><\/div><\/div><\/div><div id=\"panel-2491-4-0-1\" class=\"so-panel widget widget_ndm-awards\" data-index=\"7\" ><div\n\t\t\t\n\t\t\tclass=\"so-widget-ndm-awards so-widget-ndm-awards-default-d75171398898-2491\"\n\t\t\t\n\t\t><div class=\"ndm-awards row mb-3 mb-md-4\">\n\t<div class=\"col-md-3\">\n\t\t<div class=\"ndm-award__img d-flex align-items-center justify-content-center\">\n\t\t\t<img decoding=\"async\" src=\"https:\/\/aliantedesign.hu\/wp-content\/uploads\/2024\/05\/PANFA_tagpecset_rgb_dark.png\">\t\t<\/div>\n\t<\/div>\n\t<div class=\"col-md-9\">\n\t\t<div class=\"ndm-award__desc\">\n\t\t\t<h3 class=\"ndm-awards__title text-white mb-2\">PANFA ist Mitglied im Innovationscluster und verf\u00fcgt \u00fcber entsprechende Akkreditierungen.<\/h3><p><span data-sheets-root=\"1\">Der PANFA (Pannon Wood and Furniture Accredited Innovation Cluster) ist das \u00e4lteste berufliche Netzwerk in Ungarn. Es kann auf zwei Jahrzehnte Erfahrung zur\u00fcckblicken und ist das erste akkreditierte Innovationscluster in West-Transdanubien. Es handelt sich um eine wirtschaftliche Gruppierung, die Unternehmen des Sektors mit \u00e4hnlichen Gesch\u00e4ftswerten und Zielen zusammenbringt. Als Mitglied des Clusters engagieren wir uns f\u00fcr die F\u00f6rderung effektiver gemeinsamer Projekte und professioneller Exzellenz.<br \/>\n<\/span><\/p>\n\t\t<\/div>\n\t<\/div>\n<\/div><\/div><\/div><div id=\"panel-2491-4-0-2\" class=\"so-panel widget widget_ndm-awards panel-last-child\" data-index=\"8\" ><div\n\t\t\t\n\t\t\tclass=\"so-widget-ndm-awards so-widget-ndm-awards-default-d75171398898-2491\"\n\t\t\t\n\t\t><div class=\"ndm-awards row mb-3 mb-md-4\">\n\t<div class=\"col-md-3\">\n\t\t<div class=\"ndm-award__img d-flex align-items-center justify-content-center\">\n\t\t\t<img decoding=\"async\" src=\"https:\/\/aliantedesign.hu\/wp-content\/uploads\/2024\/05\/VUSZ_logo_VALLALHATO.png\">\t\t<\/div>\n\t<\/div>\n\t<div class=\"col-md-9\">\n\t\t<div class=\"ndm-award__desc\">\n\t\t\t<h3 class=\"ndm-awards__title text-white mb-2\">Responsible-Business-Initiative<\/h3><p><span data-sheets-root=\"1\">Im Rahmen unserer unternehmerischen Verantwortung verfolgen wir das Ziel, verantwortungsvolles Wirtschaften zu f\u00f6rdern.<br \/>\nDie Responsible-Business-Initiative ist eine Plattform, die Unternehmen zusammenbringt, die Leistung und Wertsch\u00f6pfung als zentrale Aspekte ihrer T\u00e4tigkeit betrachten und sich darauf konzentrieren, sowohl wettbewerbsf\u00e4hig zu sein als auch profitable Gesch\u00e4ftspartnerschaften zu etablieren. Ihre positive Einstellung beruht auf dem erworbenen Wissen und dem Willen zur st\u00e4ndigen Verbesserung. Sie sind davon \u00fcberzeugt, dass ihre Leistungen als Referenz f\u00fcr andere Unternehmen dienen und einen wesentlichen Beitrag zur St\u00e4rkung der Wettbewerbsf\u00e4higkeit Ungarns leisten k\u00f6nnen.<br \/>\n<\/span><\/p>\n\t\t<\/div>\n\t<\/div>\n<\/div><\/div><\/div><\/div><\/div><\/div>","protected":false},"excerpt":{"rendered":"<p>Die Aliante Group ist bestrebt, ihren Kunden durch die Verwendung von Qualit\u00e4tsmaterialien und termingerechter Fertigung ein&#8230;<\/p>\n","protected":false},"author":5,"featured_media":0,"parent":0,"menu_order":2,"comment_status":"closed","ping_status":"closed","template":"fullwidth.php","meta":{"_acf_changed":false,"inline_featured_image":false,"footnotes":""},"class_list":["post-2491","page","type-page","status-publish","hentry"],"acf":[],"_links":{"self":[{"href":"https:\/\/aliantedesign.hu\/de\/wp-json\/wp\/v2\/pages\/2491","targetHints":{"allow":["GET"]}}],"collection":[{"href":"https:\/\/aliantedesign.hu\/de\/wp-json\/wp\/v2\/pages"}],"about":[{"href":"https:\/\/aliantedesign.hu\/de\/wp-json\/wp\/v2\/types\/page"}],"author":[{"embeddable":true,"href":"https:\/\/aliantedesign.hu\/de\/wp-json\/wp\/v2\/users\/5"}],"replies":[{"embeddable":true,"href":"https:\/\/aliantedesign.hu\/de\/wp-json\/wp\/v2\/comments?post=2491"}],"version-history":[{"count":0,"href":"https:\/\/aliantedesign.hu\/de\/wp-json\/wp\/v2\/pages\/2491\/revisions"}],"wp:attachment":[{"href":"https:\/\/aliantedesign.hu\/de\/wp-json\/wp\/v2\/media?parent=2491"}],"curies":[{"name":"wp","href":"https:\/\/api.w.org\/{rel}","templated":true}]}}